{"id":102,"date":"2021-12-03T13:41:20","date_gmt":"2021-12-03T19:41:20","guid":{"rendered":"https:\/\/websitebuilder-demo.net\/avalon\/?page_id=102"},"modified":"2026-04-06T15:43:56","modified_gmt":"2026-04-06T21:43:56","slug":"contact","status":"publish","type":"page","link":"https:\/\/cmo.partners\/es\/contact\/","title":{"rendered":"Contacto"},"content":{"rendered":"<div class=\"brz-root__container brz-reset-all brz brz-root__container-page\">\n<section id=\"_fsfwfmnpkeryztcnxdxhledttfzdmvpasqkr\" class=\"brz-section brz-css-cjo2in brz-css-1gfea0\">\n<div class=\"brz-section__content brz-section--boxed brz-css-9ipjbi brz-css-ocw22z\" data-brz-custom-id=\"xfhlkqxtiqgqvxpwajxtzbblrsbweuxzdxva\">\n<div class=\"brz-bg\">\n<div class=\"brz-bg-image\"><\/div>\n<div class=\"brz-bg-color\"><\/div>\n<\/div>\n<div class=\"brz-container brz-css-13kfmrn\">\n<div id=\"\" class=\"brz-css-7d9koj brz-css-p1cxne brz-wrapper\">\n<div class=\"brz-rich-text brz-rich-text__custom brz-css-1ox45kh\" data-brz-custom-id=\"ufdpzvqtzfljfvcyglvimpchocxfguisnoax\">\n<div data-brz-translate-text=\"1\">\n<h1 class=\"brz-text-lg-center brz-tp-lg-heading1 brz-css-j9P1s\" data-uniq-id=\"l2CBY\" data-generated-css=\"brz-css-wk9LV\"><span class=\"brz-cp-color8\">cont\u00e1ctanos<\/span><\/h1>\n<\/div>\n<\/div>\n<\/div>\n<\/div>\n<\/div>\n<\/section>\n<section id=\"_umbsyepbjelqvribcseeemzjbocbszdgdnrj\" class=\"brz-section brz-css-cjo2in\">\n<div class=\"brz-section__content brz-section--boxed brz-css-9ipjbi brz-css-gu1zbm\" data-brz-custom-id=\"azqheeyiapxjwhzbwnhndktxocidlpzbwqco\">\n<div class=\"brz-bg\">\n<div class=\"brz-bg-color\"><\/div>\n<\/div>\n<div class=\"brz-container brz-css-13kfmrn brz-css-17eyerm\">\n<div class=\"brz-row__container brz-css-it523r\" data-brz-custom-id=\"kbqzstniqleawrrpygbujwoazlldjkxjhgye\">\n<div class=\"brz-bg\"><\/div>\n<div class=\"brz-row brz-css-akl11y brz-css-17p4juc\">\n<div class=\"brz-columns brz-css-1i6pc97 brz-css-6s7udw\" data-brz-custom-id=\"vszcvnbgccgmwnxxzfeoryrsovgmnvlrrxnt\">\n<div class=\"brz-bg\"><\/div>\n<div class=\"brz-column__items brz-css-1vu6vdi\">\n<div id=\"\" class=\"brz-css-7d9koj brz-css-7h8p62 brz-wrapper\">\n<div class=\"brz-rich-text brz-rich-text__custom brz-css-1ox45kh\" data-brz-custom-id=\"iqmomqmgirgxxkpfwubapajbrtnokvfebass\">\n<div data-brz-translate-text=\"1\">\n<p class=\"brz-tp-lg-heading3 brz-css-m1bZn\" data-uniq-id=\"zekub\" data-generated-css=\"brz-css-kelei\"><strong class=\"brz-cp-color3\"><span class=\"text-gradient brz-image-gradient\" data-gradient_type=\"linear-gradient\" data-gradient_radial_position=\"90\" data-gradient_linear_angle=\"90\" data-gradient_start_pointer=\"0\" data-gradient_finish_pointer=\"100\" data-gradient_active_pointer=\"startPointer\" data-gradient_start_hex=\"#783292\" data-gradient_finish_hex=\"#59BCC8\" data-gradient_start_opacity=\"1\" data-gradient_finish_opacity=\"1\" data-gradient_start_palette=\"color3\" data-gradient_finish_palette=\"color4\">Si\u00e9ntete libre de enviarnos una solicitud<\/span><\/strong><\/p>\n<\/div>\n<\/div>\n<\/div>\n<div id=\"\" class=\"brz-css-7d9koj brz-css-qpn2xv brz-css-1s7nrj8 brz-wrapper\">\n<div class=\"brz-spacer brz-css-kujdi5 brz-css-7up32j\"><\/div>\n<\/div>\n<div id=\"\" class=\"brz-css-7d9koj brz-wrapper\">\n<div class=\"brz-rich-text brz-rich-text__custom brz-css-1ox45kh\" data-brz-custom-id=\"wphqysbpugsqfenarypfdiqvaxaavgafnvaa\">\n<div data-brz-translate-text=\"1\">\n<p class=\"brz-tp-lg-paragraph brz-css-tsNWu\" data-uniq-id=\"nyhkj\" data-generated-css=\"brz-css-qhajq\"><span class=\"brz-cp-color7\">Por favor, descr\u00edbenos en qu\u00e9 crees que podemos ayudarte o un breve resumen de tus objetivos de negocio.<\/span><\/p>\n<\/div>\n<\/div>\n<\/div>\n<\/div>\n<\/div>\n<div class=\"brz-columns brz-css-1i6pc97 brz-css-1gzq7n\" data-brz-custom-id=\"nxoymzsgwravdqrltytcemgiprmjwnktcvzx\">\n<div class=\"brz-bg\"><\/div>\n<div class=\"brz-column__items brz-css-1vu6vdi brz-css-hvjk1p\">\n<div id=\"\" class=\"brz-css-7d9koj brz-wrapper\">\n<div data-brz-form-version=\"2\" class=\"brz-forms2 brz-css-x2usyt brz-css-65ure1\" data-brz-custom-id=\"icvmkiffqtvwpdmwemyecgtxnnxizxxwabjy\">\n<div data-brz-translate-text=\"1\" class=\"brz-forms2__item brz-css-108hjov brz-css-1gfqu42 brz-css-gkwosg brz-css-f4vf17\"><\/div>\n<div data-brz-translate-text=\"1\" class=\"brz-forms2__item brz-css-108hjov brz-css-1gfqu42 brz-css-gkwosg brz-css-q23ohq\"><\/div>\n<div data-brz-translate-text=\"1\" class=\"brz-forms2__item brz-css-108hjov brz-css-1gfqu42 brz-css-gkwosg brz-css-dqvn0d\"><\/div>\n<div data-brz-translate-text=\"1\" class=\"brz-forms2__item brz-css-108hjov brz-css-1gfqu42 brz-css-gkwosg brz-css-1wopeva\"><textarea id=\"m2zSHw8O8onj_\" name=\"atnkiauqxgzmcpwecogjrwqicyggccufcdfg\" data-brz-type=\"Paragraph\" data-brz-label=\"request\" data-brz-placeholder=\"request\" class=\"brz-textarea brz-forms2__field brz-forms2__field-paragraph\"><\/textarea><\/div>\n<div class=\"brz-forms2 brz-forms2__item brz-forms2__item-button\" data-brz-custom-id=\"icvmkiffqtvwpdmwemyecgtxnnxizxxwabjy\"><button class=\"brz-btn brz-btn-submit brz-css-120jhbg brz-css-13wnauw\" data-brz-custom-id=\"uzfducpbyjbvvultnerkqagonbedmltupzmu\"><span data-brz-translate-text=\"1\" class=\"brz-span brz-text__editor\">enviar<\/span><\/button><\/div>\n<div class=\"brz-g-recaptcha\" data-sitekey=\"6Ld3dN0lAAAAAKrH0rGX3y4BElnNI4lNsYvDKk3U\" data-size=\"invisible\" data-callback=\"brzFormV2Captcha\"><\/div>\n<\/div>\n<\/div>\n<\/div>\n<\/div>\n<\/div>\n<\/div>\n<\/div>\n<\/div>\n<\/section>\n<section id=\"_wkehrodtssapzaxqnluoezgldhpjminqctxi\" class=\"brz-section brz-css-cjo2in\">\n<div class=\"brz-section__content brz-section--boxed brz-css-9ipjbi brz-css-e0kv6p\" data-brz-custom-id=\"cswpnysxrwdhpglwcjiwqclivlwvibspfxww\">\n<div class=\"brz-bg\">\n<div class=\"brz-bg-color\"><\/div>\n<\/div>\n<div class=\"brz-container brz-css-13kfmrn\">\n<div id=\"\" class=\"brz-css-7d9koj brz-wrapper\">\n<div class=\"brz-line brz-line-default brz-css-6ad1fn brz-css-11qd5ce\" data-brz-custom-id=\"dyhqadddgtqwayboobrtrhlwgfzerrimocjr\">\n<hr class=\"brz-hr\"><\/div>\n<\/div>\n<div id=\"\" class=\"brz-css-7d9koj brz-css-qpn2xv brz-css-1rgohtk brz-wrapper\">\n<div class=\"brz-spacer brz-css-kujdi5 brz-css-1cwnn68\"><\/div>\n<\/div>\n<div class=\"brz-row__container brz-css-it523r\" data-brz-custom-id=\"xaxljkcpyshvzioptrnctcjyqgwlplxnlrmc\">\n<div class=\"brz-bg\"><\/div>\n<div class=\"brz-row brz-css-akl11y brz-css-17p4juc\">\n<div class=\"brz-columns brz-css-1i6pc97 brz-css-vsimdp\" data-brz-custom-id=\"jeqcwwelpwanrbuhixjvrptnkcxjayictowb\">\n<div class=\"brz-bg\"><\/div>\n<div class=\"brz-column__items brz-css-1vu6vdi\">\n<div id=\"\" class=\"brz-css-7d9koj brz-css-qpn2xv brz-wrapper\">\n<div class=\"brz-spacer brz-css-kujdi5 brz-css-z4undl\"><\/div>\n<\/div>\n<\/div>\n<\/div>\n<div class=\"brz-columns brz-css-1i6pc97 brz-css-i3ggqq\" data-brz-custom-id=\"fnazvyduecicjunxbxfjzfqezosqtrrjpccv\">\n<div class=\"brz-bg\"><\/div>\n<div class=\"brz-column__items brz-css-1vu6vdi brz-css-1x9ypxt\">\n<div id=\"\" class=\"brz-css-7d9koj brz-css-1yzac3m brz-wrapper\">\n<div class=\"brz-rich-text brz-rich-text__custom brz-css-1ox45kh\" data-brz-custom-id=\"vnzdcnmaoxjzaysaddxntnjeidmfjwpaioql\">\n<div data-brz-translate-text=\"1\">\n<p class=\"brz-tp-lg-heading4 brz-text-lg-center brz-css-ahfMI\" data-uniq-id=\"nadmk\" data-generated-css=\"brz-css-pmrzt\"><strong class=\"brz-cp-color2\">O agenda una reuni\u00f3n<\/strong><\/p>\n<\/div>\n<\/div>\n<\/div>\n<div class=\"brz-wrapper-clone brz-css-fp2emo\">\n<div class=\"brz-d-xs-flex brz-flex-xs-wrap brz-css-z41g0u\" data-brz-custom-id=\"\">\n<div class=\"brz-wrapper-clone__item\" id=\"zfxyzdsfclrsxhclaarvvvskjbyjpolumczs\"><a class=\"brz-a brz-btn brz-css-f45u6z brz-css-120jhbg brz-css-iq52bf\" href=\"\/es\/book-a-meeting\/\" target=\"_self\" rel=\"noopener\" data-brz-link-type=\"external\" data-brz-custom-id=\"zfxyzdsfclrsxhclaarvvvskjbyjpolumczs\"><span data-brz-translate-text=\"1\" class=\"brz-span brz-text__editor\">Reun\u00e1monos<\/span><\/a><\/div>\n<\/div>\n<\/div>\n<\/div>\n<\/div>\n<div class=\"brz-columns brz-css-1i6pc97 brz-css-zif4it\" data-brz-custom-id=\"kvsthvdhoezusrpzoclvpeuzvzlpjeyllbrw\">\n<div class=\"brz-bg\"><\/div>\n<div class=\"brz-column__items brz-css-1vu6vdi\">\n<div id=\"\" class=\"brz-css-7d9koj brz-css-qpn2xv brz-wrapper\">\n<div class=\"brz-spacer brz-css-kujdi5\"><\/div>\n<\/div>\n<\/div>\n<\/div>\n<\/div>\n<\/div>\n<div id=\"\" class=\"brz-css-7d9koj brz-css-qpn2xv brz-css-113l4kn brz-wrapper\">\n<div class=\"brz-spacer brz-css-kujdi5 brz-css-1wvn4nz\"><\/div>\n<\/div>\n<\/div>\n<\/div>\n<\/section>\n<\/div>\n<p>    <!-- version:1736986439 --><\/p>","protected":false},"excerpt":{"rendered":"<p>contact us Feel free to send us a request Please describe what you believe we can do for you or a brief summary of your business objectives. send Or book a meeting Let&#8217;s meet<\/p>","protected":false},"author":1,"featured_media":1625,"parent":0,"menu_order":0,"comment_status":"closed","ping_status":"closed","template":"brizy-blank-template.php","meta":{"footnotes":""},"class_list":["post-102","page","type-page","status-publish","has-post-thumbnail","hentry"],"blocksy_meta":[],"yoast_head":"<!-- This site is optimized with the Yoast SEO plugin v27.4 - https:\/\/yoast.com\/product\/yoast-seo-wordpress\/ -->\n<title>Contact CMO.partners<\/title>\n<meta name=\"description\" content=\"Contact CMO Partners and brief us on your needs as a CMO and a business. Or if you prefer, book a meeting with us.\" \/>\n<meta name=\"robots\" content=\"index, follow, max-snippet:-1, max-image-preview:large, max-video-preview:-1\" \/>\n<link rel=\"canonical\" href=\"https:\/\/cmo.partners\/es\/contact\/\" \/>\n<meta property=\"og:locale\" content=\"es_MX\" \/>\n<meta property=\"og:type\" content=\"article\" \/>\n<meta property=\"og:title\" content=\"Contact CMO Partners\" \/>\n<meta property=\"og:description\" content=\"Contact CMO Partners and brief us on your needs as a CMO and a business. Or if you prefer, book a meeting with us.\" \/>\n<meta property=\"og:url\" content=\"https:\/\/cmo.partners\/es\/contact\/\" \/>\n<meta property=\"og:site_name\" content=\"CMO.partners\" \/>\n<meta property=\"article:publisher\" content=\"https:\/\/www.facebook.com\/people\/Cmopartners\/61568897218964\/\" \/>\n<meta property=\"article:modified_time\" content=\"2026-04-06T21:43:56+00:00\" \/>\n<meta property=\"og:image\" content=\"https:\/\/cmo.partners\/wp-content\/uploads\/2023\/05\/a_couple_of_business_consultants_man_and_woman.jpg\" \/>\n\t<meta property=\"og:image:width\" content=\"1200\" \/>\n\t<meta property=\"og:image:height\" content=\"630\" \/>\n\t<meta property=\"og:image:type\" content=\"image\/jpeg\" \/>\n<meta name=\"twitter:card\" content=\"summary_large_image\" \/>\n<meta name=\"twitter:title\" content=\"Contact CMO Partners\" \/>\n<meta name=\"twitter:description\" content=\"Contact CMO Partners and brief us on your needs as a CMO and a business. Or if you prefer, book a meeting with us.\" \/>\n<meta name=\"twitter:image\" content=\"https:\/\/cmo.partners\/wp-content\/uploads\/2023\/05\/a_couple_of_business_consultants_man_and_woman.jpg\" \/>\n<meta name=\"twitter:label1\" content=\"Tiempo de lectura\" \/>\n\t<meta name=\"twitter:data1\" content=\"1 minuto\" \/>\n<script type=\"application\/ld+json\" class=\"yoast-schema-graph\">{\"@context\":\"https:\\\/\\\/schema.org\",\"@graph\":[{\"@type\":[\"WebPage\",\"ContactPage\"],\"@id\":\"https:\\\/\\\/cmo.partners\\\/contact\\\/\",\"url\":\"https:\\\/\\\/cmo.partners\\\/contact\\\/\",\"name\":\"Contact CMO.partners\",\"isPartOf\":{\"@id\":\"https:\\\/\\\/cmo.partners\\\/#website\"},\"primaryImageOfPage\":{\"@id\":\"https:\\\/\\\/cmo.partners\\\/contact\\\/#primaryimage\"},\"image\":{\"@id\":\"https:\\\/\\\/cmo.partners\\\/contact\\\/#primaryimage\"},\"thumbnailUrl\":\"https:\\\/\\\/cmo.partners\\\/wp-content\\\/uploads\\\/2023\\\/05\\\/a_couple_of_business_consultants_man_and_woman.jpg\",\"datePublished\":\"2021-12-03T19:41:20+00:00\",\"dateModified\":\"2026-04-06T21:43:56+00:00\",\"description\":\"Contact CMO Partners and brief us on your needs as a CMO and a business. Or if you prefer, book a meeting with us.\",\"breadcrumb\":{\"@id\":\"https:\\\/\\\/cmo.partners\\\/contact\\\/#breadcrumb\"},\"inLanguage\":\"es\",\"potentialAction\":[{\"@type\":\"ReadAction\",\"target\":[\"https:\\\/\\\/cmo.partners\\\/contact\\\/\"]}]},{\"@type\":\"ImageObject\",\"inLanguage\":\"es\",\"@id\":\"https:\\\/\\\/cmo.partners\\\/contact\\\/#primaryimage\",\"url\":\"https:\\\/\\\/cmo.partners\\\/wp-content\\\/uploads\\\/2023\\\/05\\\/a_couple_of_business_consultants_man_and_woman.jpg\",\"contentUrl\":\"https:\\\/\\\/cmo.partners\\\/wp-content\\\/uploads\\\/2023\\\/05\\\/a_couple_of_business_consultants_man_and_woman.jpg\",\"width\":1200,\"height\":630},{\"@type\":\"BreadcrumbList\",\"@id\":\"https:\\\/\\\/cmo.partners\\\/contact\\\/#breadcrumb\",\"itemListElement\":[{\"@type\":\"ListItem\",\"position\":1,\"name\":\"Home\",\"item\":\"https:\\\/\\\/cmo.partners\\\/\"},{\"@type\":\"ListItem\",\"position\":2,\"name\":\"Contact\"}]},{\"@type\":\"WebSite\",\"@id\":\"https:\\\/\\\/cmo.partners\\\/#website\",\"url\":\"https:\\\/\\\/cmo.partners\\\/\",\"name\":\"CMO Partners\",\"description\":\"Consultancy and advisory for CMOs\",\"publisher\":{\"@id\":\"https:\\\/\\\/cmo.partners\\\/#organization\"},\"alternateName\":\"cmo.partners\",\"potentialAction\":[{\"@type\":\"SearchAction\",\"target\":{\"@type\":\"EntryPoint\",\"urlTemplate\":\"https:\\\/\\\/cmo.partners\\\/?s={search_term_string}\"},\"query-input\":{\"@type\":\"PropertyValueSpecification\",\"valueRequired\":true,\"valueName\":\"search_term_string\"}}],\"inLanguage\":\"es\"},{\"@type\":\"Organization\",\"@id\":\"https:\\\/\\\/cmo.partners\\\/#organization\",\"name\":\"CMO Partners\",\"alternateName\":\"cmo.partners\",\"url\":\"https:\\\/\\\/cmo.partners\\\/\",\"logo\":{\"@type\":\"ImageObject\",\"inLanguage\":\"es\",\"@id\":\"https:\\\/\\\/cmo.partners\\\/#\\\/schema\\\/logo\\\/image\\\/\",\"url\":\"https:\\\/\\\/cmo.partners\\\/wp-content\\\/uploads\\\/2025\\\/01\\\/default.png\",\"contentUrl\":\"https:\\\/\\\/cmo.partners\\\/wp-content\\\/uploads\\\/2025\\\/01\\\/default.png\",\"width\":1000,\"height\":1000,\"caption\":\"CMO Partners\"},\"image\":{\"@id\":\"https:\\\/\\\/cmo.partners\\\/#\\\/schema\\\/logo\\\/image\\\/\"},\"sameAs\":[\"https:\\\/\\\/www.facebook.com\\\/people\\\/Cmopartners\\\/61568897218964\\\/\",\"https:\\\/\\\/www.linkedin.com\\\/company\\\/cmopartners\\\/\"]}]}<\/script>\n<!-- \/ Yoast SEO plugin. -->","yoast_head_json":{"title":"Conct\u00e1ctanos - CMO.partners","description":"Cont\u00e1ctanos y haznos un brief con tus necesidades como negocio o como CMO. O si lo prefieres agenda una reuni\u00f3n.","robots":{"index":"index","follow":"follow","max-snippet":"max-snippet:-1","max-image-preview":"max-image-preview:large","max-video-preview":"max-video-preview:-1"},"canonical":"https:\/\/cmo.partners\/es\/contact\/","og_locale":"es_MX","og_type":"article","og_title":"Contact CMO Partners","og_description":"Contact CMO Partners and brief us on your needs as a CMO and a business. Or if you prefer, book a meeting with us.","og_url":"https:\/\/cmo.partners\/es\/contact\/","og_site_name":"CMO.partners","article_publisher":"https:\/\/www.facebook.com\/people\/Cmopartners\/61568897218964\/","article_modified_time":"2026-04-06T21:43:56+00:00","og_image":[{"width":1200,"height":630,"url":"https:\/\/cmo.partners\/wp-content\/uploads\/2023\/05\/a_couple_of_business_consultants_man_and_woman.jpg","type":"image\/jpeg"}],"twitter_card":"summary_large_image","twitter_title":"Contact CMO Partners","twitter_description":"Contact CMO Partners and brief us on your needs as a CMO and a business. Or if you prefer, book a meeting with us.","twitter_image":"https:\/\/cmo.partners\/wp-content\/uploads\/2023\/05\/a_couple_of_business_consultants_man_and_woman.jpg","twitter_misc":{"Tiempo de lectura":"1 minuto"},"schema":{"@context":"https:\/\/schema.org","@graph":[{"@type":["WebPage","ContactPage"],"@id":"https:\/\/cmo.partners\/contact\/","url":"https:\/\/cmo.partners\/contact\/","name":"Conct\u00e1ctanos - CMO.partners","isPartOf":{"@id":"https:\/\/cmo.partners\/#website"},"primaryImageOfPage":{"@id":"https:\/\/cmo.partners\/contact\/#primaryimage"},"image":{"@id":"https:\/\/cmo.partners\/contact\/#primaryimage"},"thumbnailUrl":"https:\/\/cmo.partners\/wp-content\/uploads\/2023\/05\/a_couple_of_business_consultants_man_and_woman.jpg","datePublished":"2021-12-03T19:41:20+00:00","dateModified":"2026-04-06T21:43:56+00:00","description":"Cont\u00e1ctanos y haznos un brief con tus necesidades como negocio o como CMO. O si lo prefieres agenda una reuni\u00f3n.","breadcrumb":{"@id":"https:\/\/cmo.partners\/contact\/#breadcrumb"},"inLanguage":"es","potentialAction":[{"@type":"ReadAction","target":["https:\/\/cmo.partners\/contact\/"]}]},{"@type":"ImageObject","inLanguage":"es","@id":"https:\/\/cmo.partners\/contact\/#primaryimage","url":"https:\/\/cmo.partners\/wp-content\/uploads\/2023\/05\/a_couple_of_business_consultants_man_and_woman.jpg","contentUrl":"https:\/\/cmo.partners\/wp-content\/uploads\/2023\/05\/a_couple_of_business_consultants_man_and_woman.jpg","width":1200,"height":630},{"@type":"BreadcrumbList","@id":"https:\/\/cmo.partners\/contact\/#breadcrumb","itemListElement":[{"@type":"ListItem","position":1,"name":"Home","item":"https:\/\/cmo.partners\/"},{"@type":"ListItem","position":2,"name":"Contact"}]},{"@type":"WebSite","@id":"https:\/\/cmo.partners\/#website","url":"https:\/\/cmo.partners\/","name":"CMO Partners","description":"Consultancy and advisory for CMOs","publisher":{"@id":"https:\/\/cmo.partners\/#organization"},"alternateName":"cmo.partners","potentialAction":[{"@type":"SearchAction","target":{"@type":"EntryPoint","urlTemplate":"https:\/\/cmo.partners\/?s={search_term_string}"},"query-input":{"@type":"PropertyValueSpecification","valueRequired":true,"valueName":"search_term_string"}}],"inLanguage":"es"},{"@type":"Organization","@id":"https:\/\/cmo.partners\/#organization","name":"CMO Partners","alternateName":"cmo.partners","url":"https:\/\/cmo.partners\/","logo":{"@type":"ImageObject","inLanguage":"es","@id":"https:\/\/cmo.partners\/#\/schema\/logo\/image\/","url":"https:\/\/cmo.partners\/wp-content\/uploads\/2025\/01\/default.png","contentUrl":"https:\/\/cmo.partners\/wp-content\/uploads\/2025\/01\/default.png","width":1000,"height":1000,"caption":"CMO Partners"},"image":{"@id":"https:\/\/cmo.partners\/#\/schema\/logo\/image\/"},"sameAs":["https:\/\/www.facebook.com\/people\/Cmopartners\/61568897218964\/","https:\/\/www.linkedin.com\/company\/cmopartners\/"]}]}},"brizy_media":[{"id":433,"url":"https:\/\/cmo.partners\/wp-content\/uploads\/2023\/05\/garrafa_middle_shot_of_a_chief_marketing_officer_latino_woman_f_66384ebb-8a2f-4259-a33a-8615aceea264.jpeg","name":"garrafa_middle_shot_of_a_chief_marketing_officer_latino_woman_f_66384ebb-8a2f-4259-a33a-8615aceea264.jpeg","meta":{"brizy_attachment_uid":"wp-1982ebad3fd998d4fefc0c226b10311d.jpeg","brizy_post_uid":["ec3b13e140e5e59ed7e7c8a0ce4a17a4","abfc76e30ba6e8d1486e32cf9684d2cd"]}},{"id":862,"url":"https:\/\/cmo.partners\/wp-content\/uploads\/2023\/05\/garrafa_a_couple_of_business_consultants_man_and_woman_modern_o_22501d99-5c0c-448d-b247-eb5222fae74f.png","name":"garrafa_a_couple_of_business_consultants_man_and_woman_modern_o_22501d99-5c0c-448d-b247-eb5222fae74f.png","meta":{"brizy_attachment_uid":"wp-897ac13e273185f9b45589f9f35c9c73.png","brizy_post_uid":["abfc76e30ba6e8d1486e32cf9684d2cd"]}},{"id":2503,"url":"https:\/\/cmo.partners\/wp-content\/uploads\/2024\/01\/garrafa_marketing_canvas_733e2021-0c7a-4876-bf95-cd0a5ca2aaa1.png","name":"garrafa_marketing_canvas_733e2021-0c7a-4876-bf95-cd0a5ca2aaa1.png","meta":{"brizy_attachment_uid":"wp-a79d13f9440d95593e11c2a4fc32c259.png","brizy_post_uid":["abfc76e30ba6e8d1486e32cf9684d2cd"]}},{"id":2598,"url":"https:\/\/cmo.partners\/wp-content\/uploads\/2024\/01\/an_enthusiastic_female_CEO_working_on_a_brand_worksh_b9432b83-0ed0-428b-962f-be00ae9bafcf.png","name":"an_enthusiastic_female_CEO_working_on_a_brand_worksh_b9432b83-0ed0-428b-962f-be00ae9bafcf.png","meta":{"brizy_attachment_uid":"wp-7daf82b86942e9fbf8626128903d1ed5.png","brizy_post_uid":["abfc76e30ba6e8d1486e32cf9684d2cd"]}},{"id":2611,"url":"https:\/\/cmo.partners\/wp-content\/uploads\/2024\/01\/CMOParnas-Taller-Pollen-web-en-jpeg.webp","name":"CMOParnas-Taller-Pollen-web-en.jpeg","meta":{"brizy_attachment_uid":"wp-3c039df398e3cbb3c3735d933566a145.webp","brizy_post_uid":["abfc76e30ba6e8d1486e32cf9684d2cd"]}},{"id":2720,"url":"https:\/\/cmo.partners\/wp-content\/uploads\/2024\/12\/sangarrafa_a_fractional_CMO_for_mid-size_companies_-chaos_10_ddd73c7e-5aaa-4664-a75d-60b6956b8d19_0.png","name":"sangarrafa_a_fractional_CMO_for_mid-size_companies_-chaos_10_ddd73c7e-5aaa-4664-a75d-60b6956b8d19_0.png","meta":{"brizy_attachment_uid":"wp-aa1725170c6c001372ee54b32b31b039.png","brizy_post_uid":["abfc76e30ba6e8d1486e32cf9684d2cd"]}}],"_links":{"self":[{"href":"https:\/\/cmo.partners\/es\/wp-json\/wp\/v2\/pages\/102","targetHints":{"allow":["GET"]}}],"collection":[{"href":"https:\/\/cmo.partners\/es\/wp-json\/wp\/v2\/pages"}],"about":[{"href":"https:\/\/cmo.partners\/es\/wp-json\/wp\/v2\/types\/page"}],"author":[{"embeddable":true,"href":"https:\/\/cmo.partners\/es\/wp-json\/wp\/v2\/users\/1"}],"replies":[{"embeddable":true,"href":"https:\/\/cmo.partners\/es\/wp-json\/wp\/v2\/comments?post=102"}],"version-history":[{"count":5,"href":"https:\/\/cmo.partners\/es\/wp-json\/wp\/v2\/pages\/102\/revisions"}],"predecessor-version":[{"id":2795,"href":"https:\/\/cmo.partners\/es\/wp-json\/wp\/v2\/pages\/102\/revisions\/2795"}],"wp:featuredmedia":[{"embeddable":true,"href":"https:\/\/cmo.partners\/es\/wp-json\/wp\/v2\/media\/1625"}],"wp:attachment":[{"href":"https:\/\/cmo.partners\/es\/wp-json\/wp\/v2\/media?parent=102"}],"curies":[{"name":"wp","href":"https:\/\/api.w.org\/{rel}","templated":true}]}}